{"id":1322,"date":"2024-02-13T13:30:05","date_gmt":"2024-02-13T12:30:05","guid":{"rendered":"https:\/\/deltavalencia.com\/politique-en-matiere-de-cookies\/"},"modified":"2025-09-15T13:11:09","modified_gmt":"2025-09-15T12:11:09","slug":"politique-en-matiere-de-cookies","status":"publish","type":"page","link":"https:\/\/deltavalencia.com\/fr\/politique-en-matiere-de-cookies\/","title":{"rendered":"Politique en mati\u00e8re de cookies"},"content":{"rendered":"\n<h2 class=\"wp-block-heading\">Que sont les cookies ?<\/h2>\n\n\n\n<p>En anglais, le terme \u00ab cookie \u00bb signifie biscuit, mais dans le domaine de la navigation web, un \u00ab cookie \u00bb est quelque chose de compl\u00e8tement diff\u00e9rent. Lorsque vous acc\u00e9dez \u00e0 notre Site Web, une petite quantit\u00e9 de texte est stock\u00e9e sur le navigateur de votre appareil, que l&rsquo;on appelle un \u00ab cookie \u00bb. Ce texte contient diverses informations sur votre navigation, habitudes, pr\u00e9f\u00e9rences, personnalisations de contenu, etc.<\/p>\n\n\n\n<p>Il existe d&rsquo;autres technologies qui fonctionnent de mani\u00e8re similaire et qui sont \u00e9galement utilis\u00e9es pour collecter des donn\u00e9es sur votre activit\u00e9 de navigation. Nous appellerons l&rsquo;ensemble de ces technologies \u00ab cookies \u00bb.<\/p>\n\n\n\n<p>Les utilisations sp\u00e9cifiques que nous faisons de ces technologies sont d\u00e9crites dans le pr\u00e9sent document.<\/p>\n\n\n\n<h2 class=\"wp-block-heading\">\u00c0 quoi servent les cookies sur ce site web ?<\/h2>\n\n\n\n<p>Les cookies sont une partie essentielle du fonctionnement du Site Web. L&rsquo;objectif principal de nos cookies est d&rsquo;am\u00e9liorer votre exp\u00e9rience de navigation. Par exemple, pour m\u00e9moriser vos pr\u00e9f\u00e9rences (langue, pays, etc.) pendant la navigation et lors de visites futures. Les informations recueillies dans les cookies nous permettent \u00e9galement d&rsquo;am\u00e9liorer le site web, de l&rsquo;adapter \u00e0 vos centres d&rsquo;int\u00e9r\u00eat en tant qu&rsquo;utilisateur, d&rsquo;acc\u00e9l\u00e9rer vos recherches, etc.<\/p>\n\n\n\n<p>Dans certains cas, si nous avons obtenu votre consentement pr\u00e9alable et \u00e9clair\u00e9, nous pouvons utiliser les cookies \u00e0 d&rsquo;autres fins, comme par exemple pour obtenir des informations nous permettant de vous afficher de la publicit\u00e9 bas\u00e9e sur l&rsquo;analyse de vos habitudes de navigation.<\/p>\n\n\n\n<h2 class=\"wp-block-heading\">\u00c0 quoi les cookies ne servent-ils PAS sur ce site web ?<\/h2>\n\n\n\n<p>Les cookies que nous utilisons ne stockent pas d&rsquo;informations sensibles d&rsquo;identification personnelle telles que votre nom, adresse, mot de passe, etc.<\/p>\n\n\n\n<h2 class=\"wp-block-heading\">Qui utilise les informations stock\u00e9es dans les cookies ?<\/h2>\n\n\n\n<p>Les informations stock\u00e9es dans les cookies de notre Site Web sont utilis\u00e9es exclusivement par nous, \u00e0 l&rsquo;exception de celles identifi\u00e9es ci-apr\u00e8s comme \u00ab cookies tiers \u00bb, qui sont utilis\u00e9es et g\u00e9r\u00e9es par des entit\u00e9s externes qui nous fournissent des services am\u00e9liorant l&rsquo;exp\u00e9rience utilisateur. Par exemple, les statistiques recueillies sur le nombre de visites, le contenu le plus appr\u00e9ci\u00e9, etc., sont g\u00e9n\u00e9ralement g\u00e9r\u00e9es par Google Analytics.<\/p>\n\n\n\n<h2 class=\"wp-block-heading\">Comment \u00e9viter l&rsquo;utilisation des cookies sur ce Site Web ?<\/h2>\n\n\n\n<p>Si vous pr\u00e9f\u00e9rez \u00e9viter l&rsquo;utilisation des cookies, vous pouvez les REFUSER ou vous pouvez CONFIGURER ceux que vous souhaitez \u00e9viter et ceux que vous autorisez (dans ce document, nous vous donnons des informations d\u00e9taill\u00e9es concernant chaque type de cookie, sa finalit\u00e9, son destinataire, sa dur\u00e9e, etc.).<\/p>\n\n\n\n<p>Si vous les avez accept\u00e9s, nous ne vous redemanderons pas sauf si vous supprimez les cookies de votre appareil comme indiqu\u00e9 dans la section suivante. Si vous souhaitez r\u00e9voquer votre consentement, vous devrez supprimer les cookies et les reconfigurer.<\/p>\n\n\n\n<h2 class=\"wp-block-heading\">Comment d\u00e9sactiver et supprimer l&rsquo;utilisation des cookies ?<\/h2>\n\n\n\n<p>Pour restreindre, bloquer ou supprimer les cookies de ce Site Web (et ceux utilis\u00e9s par des tiers), vous pouvez le faire \u00e0 tout moment en modifiant les param\u00e8tres de votre navigateur. Notez que cette configuration est diff\u00e9rente pour chaque navigateur.<\/p>\n\n\n\n<p>Dans les liens suivants, vous trouverez des instructions pour activer ou d\u00e9sactiver les cookies dans les navigateurs les plus courants.<\/p>\n\n\n\n<ul class=\"wp-block-list\">\n<li>Firefox<\/li>\n\n\n\n<li>Google Chrome<\/li>\n\n\n\n<li>Internet Explorer<\/li>\n\n\n\n<li>Microsoft Edge<\/li>\n\n\n\n<li>Safari<\/li>\n<\/ul>\n\n\n\n<h2 class=\"wp-block-heading\">Quels types de cookies sont utilis\u00e9s sur ce site web ?<\/h2>\n\n\n\n<p>Chaque site web utilise ses propres cookies. Sur notre site web, nous utilisons ceux indiqu\u00e9s ci-dessous :<\/p>\n\n\n\n<p><strong>SELON L&rsquo;ENTIT\u00c9 QUI LES G\u00c8RE<\/strong><\/p>\n\n\n\n<ul class=\"wp-block-list\">\n<li><strong>Cookies propres (First-party) :<\/strong><br>Ce sont ceux qui sont envoy\u00e9s \u00e0 l&rsquo;\u00e9quipement terminal de l&rsquo;Utilisateur depuis un ordinateur ou un domaine g\u00e9r\u00e9 par l&rsquo;\u00e9diteur lui-m\u00eame et depuis lequel le service demand\u00e9 par l&rsquo;Utilisateur est fourni.<\/li>\n\n\n\n<li><strong>Cookies tiers (Third-party) :<\/strong><br>Ce sont ceux qui sont envoy\u00e9s \u00e0 l&rsquo;\u00e9quipement terminal de l&rsquo;Utilisateur depuis un ordinateur ou un domaine qui n&rsquo;est pas g\u00e9r\u00e9 par l&rsquo;\u00e9diteur, mais par une autre entit\u00e9 qui traite les donn\u00e9es obtenues via les cookies.<\/li>\n<\/ul>\n\n\n\n<p>Dans le cas o\u00f9 les cookies sont servis depuis un ordinateur ou un domaine g\u00e9r\u00e9 par l&rsquo;\u00e9diteur lui-m\u00eame, mais que les informations collect\u00e9es via ceux-ci sont g\u00e9r\u00e9es par un tiers, ils ne peuvent pas \u00eatre consid\u00e9r\u00e9s comme des cookies propres si le tiers les utilise pour ses propres finalit\u00e9s (par exemple, l&rsquo;am\u00e9lioration des services qu&rsquo;il fournit ou la fourniture de services publicitaires pour le compte d&rsquo;autres entit\u00e9s).<\/p>\n\n\n\n<p><strong>SELON LEUR FINALIT\u00c9<\/strong><\/p>\n\n\n\n<ul class=\"wp-block-list\">\n<li><strong>Cookies techniques :<\/strong><br>Ce sont ceux qui sont n\u00e9cessaires \u00e0 la navigation et au bon fonctionnement de notre Site Web, par exemple, contr\u00f4ler le trafic et la communication de donn\u00e9es, identifier la session, acc\u00e9der \u00e0 des parties \u00e0 acc\u00e8s restreint, traiter une demande d&rsquo;inscription ou de participation \u00e0 un \u00e9v\u00e9nement, compter les visites pour la facturation des licences logicielles avec lesquelles fonctionne le service du Site Web, utiliser des \u00e9l\u00e9ments de s\u00e9curit\u00e9 pendant la navigation, stocker des contenus pour la diffusion de vid\u00e9os ou de son, activer des contenus dynamiques (ex. : animation de chargement d&rsquo;un texte ou d&rsquo;une image) ou partager des contenus via les r\u00e9seaux sociaux.<\/li>\n\n\n\n<li><strong>Cookies d&rsquo;analyse :<\/strong><br>Ils permettent de quantifier le nombre d&rsquo;utilisateurs et ainsi de r\u00e9aliser la mesure et l&rsquo;analyse statistique de l&rsquo;utilisation faite par les utilisateurs du Site Web.<\/li>\n\n\n\n<li><strong>Cookies de pr\u00e9f\u00e9rences ou de personnalisation :<\/strong><br>Ce sont ceux qui permettent de m\u00e9moriser des informations pour que l&rsquo;Utilisateur acc\u00e8de au service avec certaines caract\u00e9ristiques qui peuvent diff\u00e9rencier son exp\u00e9rience de celle des autres utilisateurs, comme, par exemple, la langue, le nombre de r\u00e9sultats \u00e0 afficher lorsque l&rsquo;Utilisateur effectue une recherche, l&rsquo;apparence ou le contenu du service en fonction du type de navigateur par lequel l&rsquo;Utilisateur acc\u00e8de au service ou de la r\u00e9gion depuis laquelle il acc\u00e8de au service, etc.<\/li>\n<\/ul>\n\n\n\n<p><strong>SELON LA DUR\u00c9E DE LEUR ACTIVATION<\/strong><\/p>\n\n\n\n<ul class=\"wp-block-list\">\n<li><strong>Cookies de session :<\/strong><br>Ce sont ceux con\u00e7us pour collecter et stocker des donn\u00e9es pendant que l&rsquo;Utilisateur acc\u00e8de \u00e0 une page web.<br>Ils sont g\u00e9n\u00e9ralement utilis\u00e9s pour stocker des informations qui ne valent la peine d&rsquo;\u00eatre conserv\u00e9es que pour la fourniture du service demand\u00e9 par l&rsquo;Utilisateur en une seule fois (par exemple, une liste de produits achet\u00e9s) et ils disparaissent \u00e0 la fin de la session.<\/li>\n\n\n\n<li><strong>Cookies persistants :<\/strong><br>Ce sont ceux dans lesquels les donn\u00e9es restent stock\u00e9es dans le terminal et peuvent \u00eatre consult\u00e9es et trait\u00e9es pendant une p\u00e9riode d\u00e9finie par le responsable du cookie, qui peut aller de quelques minutes \u00e0 plusieurs ann\u00e9es. \u00c0 cet \u00e9gard, l&rsquo;utilisation de cookies persistants doit \u00eatre sp\u00e9cifiquement \u00e9valu\u00e9e, car les risques pour la vie priv\u00e9e pourraient \u00eatre r\u00e9duits en utilisant des cookies de session. En tout \u00e9tat de cause, lorsque des cookies persistants sont install\u00e9s, il est recommand\u00e9 de r\u00e9duire au minimum n\u00e9cessaire leur dur\u00e9e en fonction de leur finalit\u00e9. \u00c0 cet effet, l&rsquo;Avis 4\/2012 du G29 a indiqu\u00e9 que pour qu&rsquo;un cookie soit exempt\u00e9 de l&rsquo;obligation de consentement \u00e9clair\u00e9, son expiration doit \u00eatre li\u00e9e \u00e0 sa finalit\u00e9. De ce fait, les cookies de session sont beaucoup plus susceptibles d&rsquo;\u00eatre consid\u00e9r\u00e9s comme exempt\u00e9s que les cookies persistants.<\/li>\n<\/ul>\n\n\n\n<p><strong>D\u00e9tail des cookies utilis\u00e9s sur ce site web :<\/strong><\/p>\n\n\n\n<ul class=\"wp-block-list\">\n<li><code>_iub_cs-89503741<\/code><\/li>\n\n\n\n<li><code>wp-wpml_current_admin_language_d41d8cd98f00b204e9800998ecf8427e<\/code><\/li>\n\n\n\n<li><code>wp-wpml_current_language<\/code>\n<ul class=\"wp-block-list\">\n<li><strong>Ce cookie est utilis\u00e9 pour suivre la pr\u00e9f\u00e9rence linguistique de l&rsquo;utilisateur<\/strong><\/li>\n\n\n\n<li><strong>Cat\u00e9gorie:<\/strong> Fonctionnel.<\/li>\n\n\n\n<li><strong>Dur\u00e9e:<\/strong> session.<\/li>\n\n\n\n<li><strong>Politique de confidentialit\u00e9:<\/strong><\/li>\n<\/ul>\n<\/li>\n<\/ul>\n\n\n\n<div style=\"height:50px\" aria-hidden=\"true\" class=\"wp-block-spacer\"><\/div>\n","protected":false},"excerpt":{"rendered":"<p>Que sont les cookies ? En anglais, le terme \u00ab cookie \u00bb signifie biscuit, mais dans le domaine de la navigation web, un \u00ab cookie \u00bb est quelque chose de compl\u00e8tement diff\u00e9rent. Lorsque vous acc\u00e9dez \u00e0 notre Site Web, une petite quantit\u00e9 de texte est stock\u00e9e sur le navigateur de votre appareil, que l&rsquo;on appelle [&hellip;]<\/p>\n","protected":false},"author":1,"featured_media":0,"parent":0,"menu_order":0,"comment_status":"closed","ping_status":"closed","template":"","meta":{"_et_pb_use_builder":"off","_et_pb_old_content":"<!-- wp:shortcode -->\n[argpd_politica-cookies \/]\n<!-- \/wp:shortcode -->\n\n<!-- wp:spacer {\"height\":\"50px\"} -->\n<div style=\"height:50px\" aria-hidden=\"true\" class=\"wp-block-spacer\"><\/div>\n<!-- \/wp:spacer -->","_et_gb_content_width":"","inline_featured_image":false,"footnotes":""},"class_list":["post-1322","page","type-page","status-publish","hentry"],"_links":{"self":[{"href":"https:\/\/deltavalencia.com\/fr\/wp-json\/wp\/v2\/pages\/1322","targetHints":{"allow":["GET"]}}],"collection":[{"href":"https:\/\/deltavalencia.com\/fr\/wp-json\/wp\/v2\/pages"}],"about":[{"href":"https:\/\/deltavalencia.com\/fr\/wp-json\/wp\/v2\/types\/page"}],"author":[{"embeddable":true,"href":"https:\/\/deltavalencia.com\/fr\/wp-json\/wp\/v2\/users\/1"}],"replies":[{"embeddable":true,"href":"https:\/\/deltavalencia.com\/fr\/wp-json\/wp\/v2\/comments?post=1322"}],"version-history":[{"count":4,"href":"https:\/\/deltavalencia.com\/fr\/wp-json\/wp\/v2\/pages\/1322\/revisions"}],"predecessor-version":[{"id":1339,"href":"https:\/\/deltavalencia.com\/fr\/wp-json\/wp\/v2\/pages\/1322\/revisions\/1339"}],"wp:attachment":[{"href":"https:\/\/deltavalencia.com\/fr\/wp-json\/wp\/v2\/media?parent=1322"}],"curies":[{"name":"wp","href":"https:\/\/api.w.org\/{rel}","templated":true}]}}