{"id":1237,"date":"2024-02-13T13:29:39","date_gmt":"2024-02-13T12:29:39","guid":{"rendered":"https:\/\/deltavalencia.com\/politique-de-confidentialite\/"},"modified":"2025-09-15T12:32:05","modified_gmt":"2025-09-15T11:32:05","slug":"politique-de-confidentialite","status":"publish","type":"page","link":"https:\/\/deltavalencia.com\/fr\/politique-de-confidentialite\/","title":{"rendered":"Politique de confidentialit\u00e9"},"content":{"rendered":"<p>[et_pb_section fb_built=\u00a0\u00bb1&Prime; admin_label=\u00a0\u00bbsection\u00a0\u00bb _builder_version=\u00a0\u00bb4.16&Prime; global_colors_info=\u00a0\u00bb{}\u00a0\u00bb][et_pb_row admin_label=\u00a0\u00bbrang\u00e9e\u00a0\u00bb _builder_version=\u00a0\u00bb4.16&Prime; background_size=\u00a0\u00bbinitial\u00a0\u00bb background_position=\u00a0\u00bbtop_left\u00a0\u00bb background_repeat=\u00a0\u00bbrepeat\u00a0\u00bb global_colors_info=\u00a0\u00bb{}\u00a0\u00bb][et_pb_column type=\u00a0\u00bb4_4&Prime; _builder_version=\u00a0\u00bb4.16&Prime; custom_padding=\u00a0\u00bb|||\u00a0\u00bb global_colors_info=\u00a0\u00bb{}\u00a0\u00bb custom_padding__hover=\u00a0\u00bb|||\u00a0\u00bb][et_pb_text admin_label=\u00a0\u00bbText\u00a0\u00bb _builder_version=\u00a0\u00bb4.27.4&Prime; background_size=\u00a0\u00bbinitial\u00a0\u00bb background_position=\u00a0\u00bbtop_left\u00a0\u00bb background_repeat=\u00a0\u00bbrepeat\u00a0\u00bb hover_enabled=\u00a0\u00bb0&Prime; global_colors_info=\u00a0\u00bb{}\u00a0\u00bb sticky_enabled=\u00a0\u00bb0&Prime;]<\/p>\n<h1>Politique de confidentialit\u00e9<\/h1>\n<p>&nbsp;<\/p>\n<p class=\"ds-markdown-paragraph\">Le Responsable du traitement vous informe de sa Politique de confidentialit\u00e9 concernant le traitement et la protection des donn\u00e9es \u00e0 caract\u00e8re personnel des utilisateurs qui peuvent \u00eatre recueillies lors de la navigation sur le Site Web : <a href=\"https:\/\/deltavalencia.com\" target=\"_blank\" rel=\"noopener noreferrer\">https:\/\/deltavalencia.com<\/a><\/p>\n<p class=\"ds-markdown-paragraph\">\u00c0 cet \u00e9gard, le Responsable du traitement garantit le respect de la r\u00e9glementation en vigueur en mati\u00e8re de protection des donn\u00e9es personnelles, refl\u00e9t\u00e9e dans la Loi Organique 3\/2018 du 5 d\u00e9cembre sur la Protection des Donn\u00e9es Personnelles et la Garantie des Droits Num\u00e9riques (LOPD GDD). Il se conforme \u00e9galement au R\u00e8glement (UE) 2016\/679 du Parlement Europ\u00e9en et du Conseil du 27 avril 2016 relatif \u00e0 la protection des personnes physiques (RGPD).<\/p>\n<p class=\"ds-markdown-paragraph\">L&rsquo;utilisation du Site Web implique l&rsquo;acceptation de cette Politique de confidentialit\u00e9.<\/p>\n<h2 class=\"ds-markdown-paragraph\">Identit\u00e9 du Responsable<\/h2>\n<ul>\n<li>\n<p class=\"ds-markdown-paragraph\">Responsable : Delta Valencia, SL.<\/p>\n<\/li>\n<li>\n<p class=\"ds-markdown-paragraph\">Adresse : &#8211; Espagne.<\/p>\n<\/li>\n<li>\n<p class=\"ds-markdown-paragraph\">Site Web : <a href=\"https:\/\/deltavalencia.com\" target=\"_blank\" rel=\"noopener noreferrer\">https:\/\/deltavalencia.com<\/a><\/p>\n<\/li>\n<\/ul>\n<p class=\"ds-markdown-paragraph\">Principes appliqu\u00e9s dans le traitement des donn\u00e9es<\/p>\n<p class=\"ds-markdown-paragraph\">Dans le traitement de vos donn\u00e9es personnelles, le Responsable du traitement appliquera les principes suivants qui respectent les exigences du nouveau r\u00e8glement europ\u00e9en sur la protection des donn\u00e9es (RGPD) :<\/p>\n<ul>\n<li>\n<p class=\"ds-markdown-paragraph\">Principe de lic\u00e9it\u00e9, de loyaut\u00e9 et de transparence : Le Responsable du traitement demandera toujours le consentement pour le traitement des donn\u00e9es personnelles qui peut \u00eatre pour une ou plusieurs finalit\u00e9s sp\u00e9cifiques sur lesquelles le Responsable informera l&rsquo;Utilisateur au pr\u00e9alable avec une transparence absolue.<\/p>\n<\/li>\n<li>\n<p class=\"ds-markdown-paragraph\">Principe de minimisation des donn\u00e9es : Le Responsable du traitement ne demandera que les donn\u00e9es strictement n\u00e9cessaires \u00e0 la ou aux fins pour lesquelles il les demande.<\/p>\n<\/li>\n<li>\n<p class=\"ds-markdown-paragraph\">Principe de limitation de la dur\u00e9e de conservation : Le Responsable du traitement conservera les donn\u00e9es personnelles recueillies pendant le temps strictement n\u00e9cessaire \u00e0 la ou aux fins du traitement. Le Responsable informera l&rsquo;Utilisateur de la dur\u00e9e de conservation correspondante selon la finalit\u00e9.<\/p>\n<ul>\n<li>\n<p class=\"ds-markdown-paragraph\">Dans le cas des abonnements, le Responsable du traitement examinera p\u00e9riodiquement les listes et supprimera les enregistrements inactifs depuis un temps consid\u00e9rable.<\/p>\n<\/li>\n<\/ul>\n<\/li>\n<li>\n<p class=\"ds-markdown-paragraph\">Principe d&rsquo;int\u00e9grit\u00e9 et de confidentialit\u00e9 : Les donn\u00e9es personnelles recueillies seront trait\u00e9es de mani\u00e8re \u00e0 ce que leur s\u00e9curit\u00e9, confidentialit\u00e9 et int\u00e9grit\u00e9 soient garanties.<\/p>\n<ul>\n<li>\n<p class=\"ds-markdown-paragraph\">Le Responsable du traitement prend les pr\u00e9cautions n\u00e9cessaires pour \u00e9viter l&rsquo;acc\u00e8s non autoris\u00e9 ou l&rsquo;utilisation abusive des donn\u00e9es de ses utilisateurs par des tiers.<\/p>\n<\/li>\n<\/ul>\n<\/li>\n<\/ul>\n<h2 class=\"ds-markdown-paragraph\">Obtention des donn\u00e9es personnelles<\/h2>\n<p class=\"ds-markdown-paragraph\">Pour naviguer sur le Site Web, vous n&rsquo;\u00eates pas oblig\u00e9 de fournir de donn\u00e9es personnelles.<\/p>\n<h2 class=\"ds-markdown-paragraph\">Droits<\/h2>\n<p class=\"ds-markdown-paragraph\">Le Responsable du traitement vous informe que sur vos donn\u00e9es personnelles vous avez le droit de :<\/p>\n<ul>\n<li>\n<p class=\"ds-markdown-paragraph\">Demander l&rsquo;acc\u00e8s aux donn\u00e9es stock\u00e9es.<\/p>\n<\/li>\n<li>\n<p class=\"ds-markdown-paragraph\">Demander une rectification ou une suppression.<\/p>\n<\/li>\n<li>\n<p class=\"ds-markdown-paragraph\">Demander la limitation de leur traitement.<\/p>\n<\/li>\n<li>\n<p class=\"ds-markdown-paragraph\">Vous opposer au traitement.<\/p>\n<\/li>\n<\/ul>\n<p class=\"ds-markdown-paragraph\">Vous ne pouvez pas exercer le droit \u00e0 la portabilit\u00e9 des donn\u00e9es.<\/p>\n<p class=\"ds-markdown-paragraph\">L&rsquo;exercice de ces droits est personnel et doit donc \u00eatre exerc\u00e9 directement par la personne concern\u00e9e, en le demandant directement au Responsable du traitement. Cela signifie que tout client, abonn\u00e9 ou collaborateur qui a fourni ses donn\u00e9es \u00e0 un moment donn\u00e9 peut s&rsquo;adresser au Responsable du traitement et demander des informations sur les donn\u00e9es qu&rsquo;il d\u00e9tient et comment il les a obtenues, demander leur rectification, s&rsquo;opposer \u00e0 leur traitement, en limiter l&rsquo;utilisation ou demander la suppression de ces donn\u00e9es dans les fichiers du Responsable.<\/p>\n<p class=\"ds-markdown-paragraph\">Pour exercer vos droits, vous devez envoyer votre demande accompagn\u00e9e d&rsquo;une photocopie de votre Document National d&rsquo;Identit\u00e9 ou \u00e9quivalent \u00e0 l&rsquo;adresse postale :<\/p>\n<ul>\n<li>\n<p class=\"ds-markdown-paragraph\">Delta Valencia, SL, &#8211; Espagne<\/p>\n<\/li>\n<\/ul>\n<p class=\"ds-markdown-paragraph\">L&rsquo;exercice de ces droits n&rsquo;inclut aucune donn\u00e9e que le Responsable du traitement est oblig\u00e9 de conserver \u00e0 des fins administratives, l\u00e9gales ou de s\u00e9curit\u00e9.<\/p>\n<p class=\"ds-markdown-paragraph\">Vous avez droit \u00e0 une protection juridictionnelle effective et \u00e0 d\u00e9poser une r\u00e9clamation aupr\u00e8s de l&rsquo;autorit\u00e9 de contr\u00f4le, en l&rsquo;occurrence, l&rsquo;Agence Espagnole de Protection des Donn\u00e9es (Agencia Espa\u00f1ola de Protecci\u00f3n de Datos), si vous estimez que le traitement des donn\u00e9es personnelles vous concernant enfreint le R\u00e8glement.<\/p>\n<h2 class=\"ds-markdown-paragraph\">Finalit\u00e9 du traitement des donn\u00e9es personnelles<\/h2>\n<p class=\"ds-markdown-paragraph\">Lorsque vous vous connectez au Site Web pour envoyer un courriel au Responsable du traitement, ou vous abonner \u00e0 sa newsletter, vous fournissez des informations personnelles dont le responsable est le Responsable du traitement. Ces informations peuvent inclure des donn\u00e9es personnelles telles que votre adresse IP, nom et pr\u00e9nom, adresse physique, adresse e-mail, num\u00e9ro de t\u00e9l\u00e9phone et autres informations. En fournissant ces informations, vous donnez votre consentement pour que vos informations soient collect\u00e9es, utilis\u00e9es, g\u00e9r\u00e9es et stock\u00e9es par \u2014 Delta Valencia, SL \u2014<\/p>\n<p class=\"ds-markdown-paragraph\">Les donn\u00e9es personnelles et la finalit\u00e9 du traitement par le Responsable du traitement varient selon le syst\u00e8me de capture d&rsquo;information :<\/p>\n<p class=\"ds-markdown-paragraph\">Il existe d&rsquo;autres finalit\u00e9s pour lesquelles le Responsable du traitement traite les donn\u00e9es personnelles :<\/p>\n<ul>\n<li>\n<p class=\"ds-markdown-paragraph\">Pour garantir le respect des conditions stipul\u00e9es dans la l\u00e9gislation applicable. Cela peut inclure le d\u00e9veloppement d&rsquo;outils et d&rsquo;algorithmes qui aident le Site Web \u00e0 garantir la confidentialit\u00e9 des donn\u00e9es personnelles qu&rsquo;il collecte.<\/p>\n<\/li>\n<li>\n<p class=\"ds-markdown-paragraph\">Pour soutenir et am\u00e9liorer les services offerts par ce Site Web.<\/p>\n<\/li>\n<li>\n<p class=\"ds-markdown-paragraph\">Pour g\u00e9rer les r\u00e9seaux sociaux. Le Responsable du traitement est pr\u00e9sent sur les r\u00e9seaux sociaux. Si vous devenez un abonn\u00e9 sur les r\u00e9seaux sociaux du Responsable, le traitement des donn\u00e9es personnelles sera r\u00e9gi par cette section, ainsi que par les conditions d&rsquo;utilisation, politiques de confidentialit\u00e9 et r\u00e9glementations d&rsquo;acc\u00e8s qui appartiennent au r\u00e9seau social concern\u00e9 dans chaque cas et que vous avez pr\u00e9alablement accept\u00e9es.<\/p>\n<ul>\n<li>\n<p class=\"ds-markdown-paragraph\">Vous pouvez consulter les politiques de confidentialit\u00e9 des principaux r\u00e9seaux sociaux via ces liens :<\/p>\n<ul>\n<li>\n<p class=\"ds-markdown-paragraph\">Facebook<\/p>\n<\/li>\n<li>\n<p class=\"ds-markdown-paragraph\">Twitter<\/p>\n<\/li>\n<li>\n<p class=\"ds-markdown-paragraph\">Linkedin<\/p>\n<\/li>\n<li>\n<p class=\"ds-markdown-paragraph\">YouTube<\/p>\n<\/li>\n<li>\n<p class=\"ds-markdown-paragraph\">Instagram<\/p>\n<\/li>\n<\/ul>\n<\/li>\n<li>\n<p class=\"ds-markdown-paragraph\">Le Responsable du traitement traitera vos donn\u00e9es personnelles dans le but de g\u00e9rer correctement sa pr\u00e9sence sur le r\u00e9seau social, vous informer de ses activit\u00e9s, ainsi que pour toute autre finalit\u00e9 que les r\u00e9glementations des r\u00e9seaux sociaux permettent.<\/p>\n<\/li>\n<li>\n<p class=\"ds-markdown-paragraph\">En aucun cas le Responsable du traitement n&rsquo;utilisera les profils des abonn\u00e9s sur les r\u00e9seaux sociaux pour envoyer de la publicit\u00e9 de mani\u00e8re individuelle.<\/p>\n<\/li>\n<\/ul>\n<\/li>\n<\/ul>\n<h2 class=\"ds-markdown-paragraph\">S\u00e9curit\u00e9 des donn\u00e9es personnelles<\/h2>\n<p class=\"ds-markdown-paragraph\">Pour prot\u00e9ger vos donn\u00e9es personnelles, le Responsable du traitement prend toutes les pr\u00e9cautions raisonnables et suit les meilleures pratiques de l&rsquo;industrie pour \u00e9viter leur perte, mauvaise utilisation, acc\u00e8s ind\u00fb, divulgation, alt\u00e9ration ou destruction.<\/p>\n<p class=\"ds-markdown-paragraph\">Vos donn\u00e9es peuvent \u00eatre incorpor\u00e9es dans un fichier de liste de diffusion, dont le Responsable du traitement est responsable de la gestion et du traitement. La s\u00e9curit\u00e9 de vos donn\u00e9es est garantie, car le Responsable du traitement prend toutes les mesures de s\u00e9curit\u00e9 n\u00e9cessaires et vous garantit que les donn\u00e9es personnelles ne seront utilis\u00e9es qu&rsquo;aux fins indiqu\u00e9es.<\/p>\n<p class=\"ds-markdown-paragraph\">Le Responsable du traitement informe l&rsquo;Utilisateur que ses donn\u00e9es personnelles ne seront pas c\u00e9d\u00e9es \u00e0 des organisations tierces, sauf si cette cession de donn\u00e9es est couverte par une obligation l\u00e9gale ou lorsque la prestation d&rsquo;un service implique la n\u00e9cessit\u00e9 d&rsquo;une relation contractuelle avec un sous-traitant. Dans ce dernier cas, la cession des donn\u00e9es au tiers ne sera effectu\u00e9e que lorsque le Responsable du traitement disposera du consentement expr\u00e8s de l&rsquo;Utilisateur.<\/p>\n<p class=\"ds-markdown-paragraph\">Cependant, dans certains cas, des collaborations avec d&rsquo;autres professionnels peuvent \u00eatre r\u00e9alis\u00e9es. Dans ces cas, le consentement de l&rsquo;Utilisateur sera requis en l&rsquo;informant de l&rsquo;identit\u00e9 du collaborateur et de la finalit\u00e9 de la collaboration. Cela se fera toujours selon les normes de s\u00e9curit\u00e9 les plus strictes.<\/p>\n<h2 class=\"ds-markdown-paragraph\">Contenu d&rsquo;autres sites web<\/h2>\n<p class=\"ds-markdown-paragraph\">Les pages de ce Site Web peuvent inclure du contenu int\u00e9gr\u00e9 (par exemple, des vid\u00e9os, des images, des articles, etc.). Le contenu int\u00e9gr\u00e9 d&rsquo;autres sites web se comporte exactement de la m\u00eame mani\u00e8re que si vous aviez visit\u00e9 l&rsquo;autre site web.<\/p>\n<p class=\"ds-markdown-paragraph\">Ces sites Web peuvent collecter des donn\u00e9es vous concernant, utiliser des cookies, int\u00e9grer un code de suivi suppl\u00e9mentaire de tiers et surveiller votre interaction \u00e0 l&rsquo;aide de ce code.<\/p>\n<h2 class=\"ds-markdown-paragraph\">Politique relative aux cookies<\/h2>\n<p class=\"ds-markdown-paragraph\">Pour que ce Site Web fonctionne correctement, il doit utiliser des cookies, qui sont des informations stock\u00e9es dans votre navigateur web.<\/p>\n<h2 class=\"ds-markdown-paragraph\">L\u00e9gitimit\u00e9 du traitement des donn\u00e9es<\/h2>\n<p class=\"ds-markdown-paragraph\">La base l\u00e9gale du traitement de vos donn\u00e9es est :<\/p>\n<ul>\n<li>\n<p class=\"ds-markdown-paragraph\">Le consentement de la personne concern\u00e9e.<\/p>\n<\/li>\n<\/ul>\n<h2 class=\"ds-markdown-paragraph\">Cat\u00e9gories de donn\u00e9es personnelles<\/h2>\n<p class=\"ds-markdown-paragraph\">Les cat\u00e9gories de donn\u00e9es personnelles trait\u00e9es par le Responsable du traitement sont :<\/p>\n<ul>\n<li>\n<p class=\"ds-markdown-paragraph\">Donn\u00e9es identificatives.<\/p>\n<\/li>\n<li>\n<p class=\"ds-markdown-paragraph\">Les cat\u00e9gories de donn\u00e9es sp\u00e9cialement prot\u00e9g\u00e9es ne sont pas trait\u00e9es.<\/p>\n<\/li>\n<\/ul>\n<h2 class=\"ds-markdown-paragraph\">Conservation des donn\u00e9es personnelles<\/h2>\n<p class=\"ds-markdown-paragraph\">Les donn\u00e9es personnelles fournies au Responsable du traitement seront conserv\u00e9es jusqu&rsquo;\u00e0 ce que vous demandiez leur suppression.<\/p>\n<h2 class=\"ds-markdown-paragraph\">Destinataires des donn\u00e9es personnelles<\/h2>\n<ul>\n<li>\n<p class=\"ds-markdown-paragraph\">Google Analytics est un service d&rsquo;analyse web fourni par Google, Inc., une soci\u00e9t\u00e9 du Delaware dont le si\u00e8ge principal est situ\u00e9 au 1600 Amphitheatre Parkway, Mountain View (Californie), CA 94043, \u00c9tats-Unis (\u00ab Google \u00bb).<\/p>\n<\/li>\n<li>\n<p class=\"ds-markdown-paragraph\">Google Analytics utilise des \u00ab cookies \u00bb, qui sont des fichiers texte situ\u00e9s sur votre ordinateur, pour aider le Responsable du traitement \u00e0 analyser l&rsquo;utilisation que les Utilisateurs font du Site Web. Les informations g\u00e9n\u00e9r\u00e9es par le cookie concernant votre utilisation du Site Web (y compris votre adresse IP) seront directement transmises et stock\u00e9es par Google sur des serveurs aux \u00c9tats-Unis.<\/p>\n<\/li>\n<li>\n<p class=\"ds-markdown-paragraph\">Plus d&rsquo;informations sur : <a href=\"https:\/\/analytics.google.com\" target=\"_blank\" rel=\"noopener noreferrer\">https:\/\/analytics.google.com<\/a><\/p>\n<\/li>\n<\/ul>\n<p class=\"ds-markdown-paragraph\">Vous pouvez consulter la mani\u00e8re dont Google g\u00e8re la confidentialit\u00e9 en ce qui concerne l&rsquo;utilisation des cookies et d&rsquo;autres informations sur la page de la Politique de confidentialit\u00e9 de Google : <a href=\"https:\/\/policies.google.com\/privacy?hl=fr\" target=\"_blank\" rel=\"noopener noreferrer\">https:\/\/policies.google.com\/privacy?hl=fr<\/a><\/p>\n<p class=\"ds-markdown-paragraph\">Vous pouvez \u00e9galement voir une liste des types de cookies utilis\u00e9s par Google et ses partenaires et toutes les informations relatives \u00e0 leur utilisation des cookies publicitaires sur :<\/p>\n<ul>\n<li>\n<p class=\"ds-markdown-paragraph\">Types de cookies utilis\u00e9s par Google<\/p>\n<\/li>\n<li>\n<p class=\"ds-markdown-paragraph\">Comment Google utilise les cookies dans la publicit\u00e9.<\/p>\n<\/li>\n<\/ul>\n<h2 class=\"ds-markdown-paragraph\">Navigation Web<\/h2>\n<p class=\"ds-markdown-paragraph\">Lors de la navigation sur le Site Web, des donn\u00e9es non identificatives peuvent \u00eatre collect\u00e9es, pouvant inclure l&rsquo;adresse IP, la g\u00e9olocalisation, un enregistrement de la mani\u00e8re dont les services et les sites sont utilis\u00e9s, les habitudes de navigation et d&rsquo;autres donn\u00e9es qui ne peuvent pas \u00eatre utilis\u00e9es pour vous identifier.<\/p>\n<p class=\"ds-markdown-paragraph\">Le Site Web utilise les services d&rsquo;analyse tiers suivants :<\/p>\n<ul>\n<li>\n<p class=\"ds-markdown-paragraph\">Google Analytics.<\/p>\n<\/li>\n<\/ul>\n<p class=\"ds-markdown-paragraph\">Le Responsable du traitement utilise les informations obtenues pour obtenir des donn\u00e9es statistiques, analyser les tendances, administrer le site, \u00e9tudier les mod\u00e8les de navigation et recueillir des informations d\u00e9mographiques.<\/p>\n<p class=\"ds-markdown-paragraph\">Le Responsable du traitement n&rsquo;est pas responsable du traitement des donn\u00e9es personnelles effectu\u00e9 par les pages web auxquelles vous pourriez acc\u00e9der via les diff\u00e9rents liens contenus sur le Site Web.<\/p>\n<h2 class=\"ds-markdown-paragraph\">Exactitude et v\u00e9racit\u00e9 des donn\u00e9es personnelles<\/h2>\n<p class=\"ds-markdown-paragraph\">Vous vous engagez \u00e0 ce que les donn\u00e9es fournies au Responsable du traitement soient correctes, compl\u00e8tes, exactes et \u00e0 jour, ainsi qu&rsquo;\u00e0 les maintenir d\u00fbment mises \u00e0 jour.<\/p>\n<p class=\"ds-markdown-paragraph\">En tant qu&rsquo;Utilisateur du Site Web, vous \u00eates seul responsable de la v\u00e9racit\u00e9 et de l&rsquo;exactitude des donn\u00e9es envoy\u00e9es au Site Web, exon\u00e9rant le Responsable du traitement de toute responsabilit\u00e9 \u00e0 cet \u00e9gard.<\/p>\n<h2 class=\"ds-markdown-paragraph\">Acceptation et consentement<\/h2>\n<p class=\"ds-markdown-paragraph\">En tant qu&rsquo;Utilisateur du Site Web, vous d\u00e9clarez avoir \u00e9t\u00e9 inform\u00e9 des conditions relatives \u00e0 la protection des donn\u00e9es \u00e0 caract\u00e8re personnel, et vous acceptez et consentez \u00e0 leur traitement par le Responsable du traitement de la mani\u00e8re et aux fins indiqu\u00e9es dans cette Politique de confidentialit\u00e9.<\/p>\n<p class=\"ds-markdown-paragraph\">Pour contacter le Responsable du traitement, vous abonner \u00e0 une newsletter ou faire des commentaires sur ce Site Web, vous devez accepter la pr\u00e9sente Politique de confidentialit\u00e9.<\/p>\n<h2 class=\"ds-markdown-paragraph\">Modifications de la Politique de confidentialit\u00e9<\/h2>\n<p class=\"ds-markdown-paragraph\">Le Responsable du traitement se r\u00e9serve le droit de modifier cette Politique de confidentialit\u00e9 pour l&rsquo;adapter aux nouveaut\u00e9s l\u00e9gislatives ou jurisprudentielles, ainsi qu&rsquo;aux pratiques de l&rsquo;industrie.<\/p>\n<p class=\"ds-markdown-paragraph\">Ces politiques resteront en vigueur jusqu&rsquo;\u00e0 ce qu&rsquo;elles soient modifi\u00e9es par d&rsquo;autres d\u00fbment publi\u00e9es.<\/p>\n<p>[\/et_pb_text][\/et_pb_column][\/et_pb_row][\/et_pb_section]<\/p>\n","protected":false},"excerpt":{"rendered":"<p>Politique de confidentialit\u00e9 &nbsp; Le Responsable du traitement vous informe de sa Politique de confidentialit\u00e9 concernant le traitement et la protection des donn\u00e9es \u00e0 caract\u00e8re personnel des utilisateurs qui peuvent \u00eatre recueillies lors de la navigation sur le Site Web : https:\/\/deltavalencia.com \u00c0 cet \u00e9gard, le Responsable du traitement garantit le respect de la r\u00e9glementation [&hellip;]<\/p>\n","protected":false},"author":1,"featured_media":0,"parent":0,"menu_order":0,"comment_status":"closed","ping_status":"closed","template":"","meta":{"_et_pb_use_builder":"on","_et_pb_old_content":"","_et_gb_content_width":"","inline_featured_image":false,"footnotes":""},"class_list":["post-1237","page","type-page","status-publish","hentry"],"_links":{"self":[{"href":"https:\/\/deltavalencia.com\/fr\/wp-json\/wp\/v2\/pages\/1237","targetHints":{"allow":["GET"]}}],"collection":[{"href":"https:\/\/deltavalencia.com\/fr\/wp-json\/wp\/v2\/pages"}],"about":[{"href":"https:\/\/deltavalencia.com\/fr\/wp-json\/wp\/v2\/types\/page"}],"author":[{"embeddable":true,"href":"https:\/\/deltavalencia.com\/fr\/wp-json\/wp\/v2\/users\/1"}],"replies":[{"embeddable":true,"href":"https:\/\/deltavalencia.com\/fr\/wp-json\/wp\/v2\/comments?post=1237"}],"version-history":[{"count":5,"href":"https:\/\/deltavalencia.com\/fr\/wp-json\/wp\/v2\/pages\/1237\/revisions"}],"predecessor-version":[{"id":1315,"href":"https:\/\/deltavalencia.com\/fr\/wp-json\/wp\/v2\/pages\/1237\/revisions\/1315"}],"wp:attachment":[{"href":"https:\/\/deltavalencia.com\/fr\/wp-json\/wp\/v2\/media?parent=1237"}],"curies":[{"name":"wp","href":"https:\/\/api.w.org\/{rel}","templated":true}]}}