{"id":1193,"date":"2024-02-13T13:30:17","date_gmt":"2024-02-13T12:30:17","guid":{"rendered":"https:\/\/deltavalencia.com\/avis-juridique\/"},"modified":"2025-09-15T11:39:34","modified_gmt":"2025-09-15T10:39:34","slug":"avis-juridique","status":"publish","type":"page","link":"https:\/\/deltavalencia.com\/fr\/avis-juridique\/","title":{"rendered":"Avis juridique"},"content":{"rendered":"<p>[et_pb_section fb_built=\u00a0\u00bb1&Prime; admin_label=\u00a0\u00bbsection\u00a0\u00bb _builder_version=\u00a0\u00bb4.16&Prime; global_colors_info=\u00a0\u00bb{}\u00a0\u00bb][et_pb_row admin_label=\u00a0\u00bbrang\u00e9e\u00a0\u00bb _builder_version=\u00a0\u00bb4.16&Prime; background_size=\u00a0\u00bbinitial\u00a0\u00bb background_position=\u00a0\u00bbtop_left\u00a0\u00bb background_repeat=\u00a0\u00bbrepeat\u00a0\u00bb global_colors_info=\u00a0\u00bb{}\u00a0\u00bb][et_pb_column type=\u00a0\u00bb4_4&Prime; _builder_version=\u00a0\u00bb4.16&Prime; custom_padding=\u00a0\u00bb|||\u00a0\u00bb global_colors_info=\u00a0\u00bb{}\u00a0\u00bb custom_padding__hover=\u00a0\u00bb|||\u00a0\u00bb][et_pb_text _builder_version=\u00a0\u00bb4.27.4&Prime; _module_preset=\u00a0\u00bbdefault\u00a0\u00bb global_colors_info=\u00a0\u00bb{}\u00a0\u00bb]<\/p>\n<h1>Avis juridique<\/h1>\n<p>[\/et_pb_text][et_pb_text admin_label=\u00a0\u00bbText\u00a0\u00bb _builder_version=\u00a0\u00bb4.27.4&Prime; background_size=\u00a0\u00bbinitial\u00a0\u00bb background_position=\u00a0\u00bbtop_left\u00a0\u00bb background_repeat=\u00a0\u00bbrepeat\u00a0\u00bb hover_enabled=\u00a0\u00bb0&Prime; global_colors_info=\u00a0\u00bb{}\u00a0\u00bb sticky_enabled=\u00a0\u00bb0&Prime;]<\/p>\n<h2>Identification et Titularit\u00e9<\/h2>\n<p class=\"ds-markdown-paragraph\">En conformit\u00e9 avec l&rsquo;article 10 de la Loi 34\/2002, du 11 juillet, sur les Services de la Soci\u00e9t\u00e9 de l&rsquo;Information et du Commerce \u00c9lectronique, le Titulaire expose ses donn\u00e9es d&rsquo;identification :<\/p>\n<ul>\n<li>\n<p class=\"ds-markdown-paragraph\">Titulaire : Delta Valencia, SL.<\/p>\n<\/li>\n<li>\n<p class=\"ds-markdown-paragraph\">Domicile : &#8211; Espagne.<\/p>\n<\/li>\n<li>\n<p class=\"ds-markdown-paragraph\">Site Web : <a href=\"https:\/\/deltavalencia.com\" target=\"_blank\" rel=\"noopener noreferrer\">https:\/\/deltavalencia.com<\/a><\/p>\n<\/li>\n<\/ul>\n<p class=\"ds-markdown-paragraph\">Conditions d&rsquo;Utilisation<\/p>\n<p class=\"ds-markdown-paragraph\">L&rsquo;utilisation du Site Web vous conf\u00e8re la qualit\u00e9 d&rsquo;Utilisateur et implique l&rsquo;acceptation pleine et enti\u00e8re de toutes les clauses et conditions d&rsquo;utilisation incluses dans les pages :<\/p>\n<ul>\n<li>\n<p class=\"ds-markdown-paragraph\">Avis L\u00e9gal<\/p>\n<\/li>\n<\/ul>\n<p class=\"ds-markdown-paragraph\">Si vous n&rsquo;\u00eates pas d&rsquo;accord avec chacune de ces clauses et conditions, veuillez vous abstenir d&rsquo;utiliser le Site Web.<\/p>\n<p class=\"ds-markdown-paragraph\">L&rsquo;acc\u00e8s au Site Web ne constitue, en aucune mani\u00e8re, le d\u00e9but d&rsquo;une relation commerciale avec le Titulaire.<\/p>\n<p class=\"ds-markdown-paragraph\">Par le biais du Site Web, le Titulaire vous facilite l&rsquo;acc\u00e8s et l&rsquo;utilisation de divers contenus que le Titulaire et\/ou ses collaborateurs ont publi\u00e9s via Internet.<\/p>\n<p class=\"ds-markdown-paragraph\">\u00c0 cette fin, vous \u00eates oblig\u00e9 et vous vous engagez \u00e0 NE pas utiliser l&rsquo;un quelconque des contenus du Site Web \u00e0 des fins ou avec des effets illicites, interdits par le pr\u00e9sent Avis L\u00e9gal ou par la l\u00e9gislation en vigueur, pr\u00e9judiciables aux droits et int\u00e9r\u00eats de tiers, ou qui de quelque mani\u00e8re que ce soit peuvent endommager, rendre inutilisable, surcharger, d\u00e9t\u00e9riorer ou emp\u00eacher l&rsquo;utilisation normale des contenus, des \u00e9quipements informatiques, des documents, des fichiers et de toute sorte de contenus stock\u00e9s sur tout \u00e9quipement informatique propre ou contract\u00e9 par le Titulaire, d&rsquo;autres utilisateurs ou de tout utilisateur d&rsquo;Internet.<\/p>\n<h2 class=\"ds-markdown-paragraph\">Mesures de S\u00e9curit\u00e9<\/h2>\n<p class=\"ds-markdown-paragraph\">Les donn\u00e9es personnelles que vous communiquez au Titulaire peuvent \u00eatre stock\u00e9es dans des bases de donn\u00e9es automatis\u00e9es ou non, dont la titularit\u00e9 correspond exclusivement au Titulaire, qui assume toutes les mesures de nature technique, organisationnelle et de s\u00e9curit\u00e9 garantissant la confidentialit\u00e9, l&rsquo;int\u00e9grit\u00e9 et la qualit\u00e9 des informations qui y sont contenues conform\u00e9ment \u00e0 ce qui est \u00e9tabli dans la r\u00e9glementation en vigueur en mati\u00e8re de protection des donn\u00e9es.<\/p>\n<p class=\"ds-markdown-paragraph\">Cependant, vous devez \u00eatre conscient que les mesures de s\u00e9curit\u00e9 des syst\u00e8mes informatiques sur Internet ne sont pas enti\u00e8rement fiables et que, par cons\u00e9quent, le Titulaire ne peut garantir l&rsquo;inexistence de virus ou d&rsquo;autres \u00e9l\u00e9ments pouvant produire des alt\u00e9rations dans les syst\u00e8mes informatiques (logiciels et mat\u00e9riels) de l&rsquo;Utilisateur ou dans ses documents \u00e9lectroniques et fichiers contenus dans ceux-ci, bien que le Titulaire mette tous les moyens n\u00e9cessaires et prenne les mesures de s\u00e9curit\u00e9 opportunes pour \u00e9viter la pr\u00e9sence de ces \u00e9l\u00e9ments nuisibles.<\/p>\n<h2 class=\"ds-markdown-paragraph\">Contenus<\/h2>\n<p class=\"ds-markdown-paragraph\">Le Titulaire a obtenu les informations, le contenu multim\u00e9dia et les mat\u00e9riaux inclus sur le Site Web aupr\u00e8s de sources qu&rsquo;il estime fiables, mais, bien qu&rsquo;il ait pris toutes les mesures raisonnables pour s&rsquo;assurer que les informations contenues sont correctes, le Titulaire ne garantit pas qu&rsquo;elles soient exactes, compl\u00e8tes ou \u00e0 jour. Le Titulaire d\u00e9cline express\u00e9ment toute responsabilit\u00e9 pour erreur ou omission dans les informations contenues sur les pages du Site Web.<\/p>\n<p class=\"ds-markdown-paragraph\">Il est interdit de transmettre ou d&rsquo;envoyer via le Site Web tout contenu ill\u00e9gal ou illicite, des virus informatiques, ou des messages qui, en g\u00e9n\u00e9ral, affectent ou violent les droits du Titulaire ou de tiers.<\/p>\n<p class=\"ds-markdown-paragraph\">Les contenus du Site Web ont uniquement une finalit\u00e9 informative et en aucune circonstance ils ne doivent \u00eatre utilis\u00e9s ou consid\u00e9r\u00e9s comme une offre de vente, une sollicitation d&rsquo;une offre d&rsquo;achat ou une recommandation pour r\u00e9aliser toute autre op\u00e9ration, sauf indication expresse contraire.<\/p>\n<p class=\"ds-markdown-paragraph\">Le Titulaire se r\u00e9serve le droit de modifier, suspendre, annuler ou restreindre le contenu du Site Web, les liens ou les informations obtenues par le biais du Site Web, sans n\u00e9cessit\u00e9 de pr\u00e9avis.<\/p>\n<p class=\"ds-markdown-paragraph\">Le Titulaire n&rsquo;est pas responsable des dommages et pr\u00e9judices qui pourraient d\u00e9river de l&rsquo;utilisation des informations du Site Web ou de celles contenues dans les r\u00e9seaux sociaux du Titulaire.<\/p>\n<h2 class=\"ds-markdown-paragraph\">Politique en mati\u00e8re de Cookies<\/h2>\n<p class=\"ds-markdown-paragraph\">Le Titulaire obtient et conserve les informations suivantes concernant les visiteurs du Site Web :<\/p>\n<ul>\n<li>\n<p class=\"ds-markdown-paragraph\">Le nom de domaine du fournisseur (FAI) et\/ou l&rsquo;adresse IP qui leur donne acc\u00e8s au r\u00e9seau.<\/p>\n<\/li>\n<li>\n<p class=\"ds-markdown-paragraph\">La date et l&rsquo;heure d&rsquo;acc\u00e8s au Site Web.<\/p>\n<\/li>\n<li>\n<p class=\"ds-markdown-paragraph\">L&rsquo;adresse Internet d&rsquo;origine du lien qui dirige vers le Site Web.<\/p>\n<\/li>\n<li>\n<p class=\"ds-markdown-paragraph\">Le nombre de visiteurs quotidiens de chaque section.<\/p>\n<\/li>\n<\/ul>\n<p class=\"ds-markdown-paragraph\">Les informations obtenues sont totalement anonymes et en aucun cas elles ne peuvent \u00eatre associ\u00e9es \u00e0 un Utilisateur concret et identifi\u00e9.<\/p>\n<h2 class=\"ds-markdown-paragraph\">Liens vers d&rsquo;autres Sites Web<\/h2>\n<p class=\"ds-markdown-paragraph\">Le Titulaire peut vous donner acc\u00e8s \u00e0 des sites Web de tiers au moyen de liens dans le but exclusif d&rsquo;informer de l&rsquo;existence d&rsquo;autres sources d&rsquo;information sur Internet o\u00f9 vous pourrez \u00e9largir les donn\u00e9es offertes sur le Site Web.<\/p>\n<p class=\"ds-markdown-paragraph\">Ces liens vers d&rsquo;autres sites Web ne supposent en aucun cas une suggestion ou une recommandation pour que vous visitiez les sites Web de destination, qui sont hors du contr\u00f4le du Titulaire, de sorte que le Titulaire n&rsquo;est pas responsable du contenu des sites Web li\u00e9s ni du r\u00e9sultat que vous obtiendrez en suivant les liens. De m\u00eame, le Titulaire ne r\u00e9pond pas des liens ou hyperliens situ\u00e9s dans les sites Web li\u00e9s auxquels il vous donne acc\u00e8s.<\/p>\n<p class=\"ds-markdown-paragraph\">L&rsquo;\u00e9tablissement du lien n&rsquo;implique en aucun cas l&rsquo;existence de relations entre le Titulaire et le propri\u00e9taire du site sur lequel le lien est \u00e9tabli, ni l&rsquo;acceptation ou l&rsquo;approbation par le Titulaire de ses contenus ou services.<\/p>\n<p class=\"ds-markdown-paragraph\">Si vous acc\u00e9dez \u00e0 un site Web externe depuis un lien trouv\u00e9 sur le Site Web, vous devez lire la propre politique de confidentialit\u00e9 de l&rsquo;autre site Web, qui pourrait \u00eatre diff\u00e9rente de celle de ce Site Web.<\/p>\n<h2 class=\"ds-markdown-paragraph\">Propri\u00e9t\u00e9 Intellectuelle et Industrielle<\/h2>\n<p class=\"ds-markdown-paragraph\">Tous droits r\u00e9serv\u00e9s.<\/p>\n<p class=\"ds-markdown-paragraph\">Tout acc\u00e8s \u00e0 ce Site Web est soumis aux conditions suivantes : la reproduction, le stockage permanent et la diffusion des contenus ou toute autre utilisation \u00e0 fin publique ou commerciale est express\u00e9ment interdite sans le consentement pr\u00e9alable expr\u00e8s et \u00e9crit du Titulaire.<\/p>\n<h2 class=\"ds-markdown-paragraph\">Limitation de Responsabilit\u00e9<\/h2>\n<p class=\"ds-markdown-paragraph\">Les informations et services inclus ou disponibles via le Site Web peuvent contenir des inexactitudes ou des erreurs typographiques. P\u00e9riodiquement, le Titulaire incorpore des am\u00e9liorations et\/ou des changements aux informations contenues et\/ou aux Services qu&rsquo;il peut introduire \u00e0 tout moment.<\/p>\n<p class=\"ds-markdown-paragraph\">Le Titulaire ne d\u00e9clare ni ne garantit que les services ou contenus seront ininterrompus ou qu&rsquo;ils sont exempts d&rsquo;erreurs, que les d\u00e9fauts seront corrig\u00e9s, ou que le service ou le serveur qui le met \u00e0 disposition sont exempts de virus ou d&rsquo;autres composants nuisibles, nonobstant le fait que le Titulaire fait tous les efforts pour \u00e9viter ce type d&rsquo;incidents.<\/p>\n<p class=\"ds-markdown-paragraph\">Le Titulaire d\u00e9cline toute responsabilit\u00e9 en cas d&rsquo;interruptions ou d&rsquo;un mauvais fonctionnement des Services ou contenus offerts sur Internet, quelle qu&rsquo;en soit la cause. De m\u00eame, le Titulaire ne se rend pas responsable des chutes du r\u00e9seau, des pertes d&rsquo;activit\u00e9 commerciale cons\u00e9cutives \u00e0 ces chutes, des suspensions temporaires de l&rsquo;alimentation \u00e9lectrique ou de tout autre type de dommage indirect qui pourrait vous \u00eatre caus\u00e9 pour des raisons \u00e9trang\u00e8res au Titulaire.<\/p>\n<p class=\"ds-markdown-paragraph\">Avant de prendre des d\u00e9cisions et\/ou d&rsquo;entreprendre des actions sur la base des informations incluses sur le Site Web, le Titulaire vous recommande de v\u00e9rifier et de confronter les informations re\u00e7ues avec d&rsquo;autres sources.<\/p>\n<h2 class=\"ds-markdown-paragraph\">Juridiction<\/h2>\n<p class=\"ds-markdown-paragraph\">Le pr\u00e9sent Avis L\u00e9gal est int\u00e9gralement r\u00e9gi par la l\u00e9gislation espagnole.<\/p>\n<p>[\/et_pb_text][\/et_pb_column][\/et_pb_row][\/et_pb_section]<\/p>\n","protected":false},"excerpt":{"rendered":"<p>Avis juridiqueIdentification et Titularit\u00e9 En conformit\u00e9 avec l&rsquo;article 10 de la Loi 34\/2002, du 11 juillet, sur les Services de la Soci\u00e9t\u00e9 de l&rsquo;Information et du Commerce \u00c9lectronique, le Titulaire expose ses donn\u00e9es d&rsquo;identification : Titulaire : Delta Valencia, SL. Domicile : &#8211; Espagne. Site Web : https:\/\/deltavalencia.com Conditions d&rsquo;Utilisation L&rsquo;utilisation du Site Web vous [&hellip;]<\/p>\n","protected":false},"author":1,"featured_media":0,"parent":0,"menu_order":0,"comment_status":"closed","ping_status":"closed","template":"","meta":{"_et_pb_use_builder":"on","_et_pb_old_content":"","_et_gb_content_width":"","inline_featured_image":false,"footnotes":""},"class_list":["post-1193","page","type-page","status-publish","hentry"],"_links":{"self":[{"href":"https:\/\/deltavalencia.com\/fr\/wp-json\/wp\/v2\/pages\/1193","targetHints":{"allow":["GET"]}}],"collection":[{"href":"https:\/\/deltavalencia.com\/fr\/wp-json\/wp\/v2\/pages"}],"about":[{"href":"https:\/\/deltavalencia.com\/fr\/wp-json\/wp\/v2\/types\/page"}],"author":[{"embeddable":true,"href":"https:\/\/deltavalencia.com\/fr\/wp-json\/wp\/v2\/users\/1"}],"replies":[{"embeddable":true,"href":"https:\/\/deltavalencia.com\/fr\/wp-json\/wp\/v2\/comments?post=1193"}],"version-history":[{"count":4,"href":"https:\/\/deltavalencia.com\/fr\/wp-json\/wp\/v2\/pages\/1193\/revisions"}],"predecessor-version":[{"id":1295,"href":"https:\/\/deltavalencia.com\/fr\/wp-json\/wp\/v2\/pages\/1193\/revisions\/1295"}],"wp:attachment":[{"href":"https:\/\/deltavalencia.com\/fr\/wp-json\/wp\/v2\/media?parent=1193"}],"curies":[{"name":"wp","href":"https:\/\/api.w.org\/{rel}","templated":true}]}}